{"id":51,"date":"2024-09-10T10:28:01","date_gmt":"2024-09-10T14:28:01","guid":{"rendered":"https:\/\/kwusenshimontreal.com\/?page_id=51"},"modified":"2025-12-05T10:47:57","modified_gmt":"2025-12-05T14:47:57","slug":"inscription","status":"publish","type":"page","link":"https:\/\/kwusenshimontreal.com\/en\/inscription\/","title":{"rendered":"Registration"},"content":{"rendered":"<h2 class=\"wp-block-heading alignwide\" id=\"we-re-a-studio-in-berlin-with-an-international-practice-in-architecture-urban-planning-and-interior-design-we-believe-in-sharing-knowledge-and-promoting-dialogue-to-increase-the-creative-potential-of-collaboration\" style=\"font-size:48px;line-height:1.1\"><\/h2>\n\n\n\n<figure class=\"wp-block-image aligncenter size-full is-style-default\"><a href=\"https:\/\/kwusenshimontreal.com\/en\/\"><img loading=\"lazy\" decoding=\"async\" width=\"360\" height=\"360\" src=\"https:\/\/kwusenshimontreal.com\/wp-content\/uploads\/2024\/03\/Senshi-logo-360x360-white.png\" alt=\"\" class=\"wp-image-46\" srcset=\"https:\/\/kwusenshimontreal.com\/wp-content\/uploads\/2024\/03\/Senshi-logo-360x360-white.png 360w, https:\/\/kwusenshimontreal.com\/wp-content\/uploads\/2024\/03\/Senshi-logo-360x360-white-300x300.png 300w, https:\/\/kwusenshimontreal.com\/wp-content\/uploads\/2024\/03\/Senshi-logo-360x360-white-150x150.png 150w\" sizes=\"auto, (max-width: 360px) 100vw, 360px\" \/><\/a><\/figure>\n\n\n\n<div class=\"wp-block-columns is-layout-flex wp-container-core-columns-is-layout-28f84493 wp-block-columns-is-layout-flex\">\n<div class=\"wp-block-column is-layout-flow wp-block-column-is-layout-flow\" style=\"flex-basis:25%\"><\/div>\n\n\n\n<div class=\"wp-block-column is-layout-flow wp-block-column-is-layout-flow\" style=\"flex-basis:50%\">\n<h2 class=\"wp-block-heading has-text-align-center\">Registration Form<\/h2>\n\n\n\n<p class=\"has-text-align-center\">Complete the following form to register for the KWU SENSHI Montr\u00e9al seminar.<\/p>\n\n\n\n<div class=\"wp-block-contact-form-7-contact-form-selector\">\n<div class=\"wpcf7 no-js\" id=\"wpcf7-f282-o1\" lang=\"en-US\" dir=\"ltr\" data-wpcf7-id=\"282\">\n<div class=\"screen-reader-response\"><p role=\"status\" aria-live=\"polite\" aria-atomic=\"true\"><\/p> <ul><\/ul><\/div>\n<form action=\"\/en\/wp-json\/wp\/v2\/pages\/51#wpcf7-f282-o1\" method=\"post\" class=\"wpcf7-form init\" aria-label=\"Contact form\" novalidate=\"novalidate\" data-status=\"init\" data-trp-original-action=\"\/en\/wp-json\/wp\/v2\/pages\/51#wpcf7-f282-o1\">\n<fieldset class=\"hidden-fields-container\"><input type=\"hidden\" name=\"_wpcf7\" value=\"282\" \/><input type=\"hidden\" name=\"_wpcf7_version\" value=\"6.1.5\" \/><input type=\"hidden\" name=\"_wpcf7_locale\" value=\"en_US\" \/><input type=\"hidden\" name=\"_wpcf7_unit_tag\" value=\"wpcf7-f282-o1\" \/><input type=\"hidden\" name=\"_wpcf7_container_post\" value=\"0\" \/><input type=\"hidden\" name=\"_wpcf7_posted_data_hash\" value=\"\" \/><input type=\"hidden\" name=\"_wpcf7cf_hidden_group_fields\" value=\"[]\" \/><input type=\"hidden\" name=\"_wpcf7cf_hidden_groups\" value=\"[]\" \/><input type=\"hidden\" name=\"_wpcf7cf_visible_groups\" value=\"[]\" \/><input type=\"hidden\" name=\"_wpcf7cf_repeaters\" value=\"[]\" \/><input type=\"hidden\" name=\"_wpcf7cf_steps\" value=\"{}\" \/><input type=\"hidden\" name=\"_wpcf7cf_options\" value=\"{&quot;form_id&quot;:282,&quot;conditions&quot;:[],&quot;settings&quot;:{&quot;animation&quot;:&quot;yes&quot;,&quot;animation_intime&quot;:200,&quot;animation_outtime&quot;:200,&quot;conditions_ui&quot;:&quot;normal&quot;,&quot;notice_dismissed&quot;:false}}\" \/>\n<\/fieldset>\n<p>First Name <span class=\"wpcf7-form-control-wrap\" data-name=\"firstname\"><input size=\"40\" maxlength=\"400\" class=\"wpcf7-form-control wpcf7-text wpcf7-validates-as-required\" aria-required=\"true\" aria-invalid=\"false\" value=\"\" type=\"text\" name=\"firstname\" \/><\/span>\n<\/p>\n<p>Last Name <span class=\"wpcf7-form-control-wrap\" data-name=\"lastname\"><input size=\"40\" maxlength=\"400\" class=\"wpcf7-form-control wpcf7-text wpcf7-validates-as-required\" aria-required=\"true\" aria-invalid=\"false\" value=\"\" type=\"text\" name=\"lastname\" \/><\/span>\n<\/p>\n<p>Email <span class=\"wpcf7-form-control-wrap\" data-name=\"your-email\"><input size=\"40\" maxlength=\"400\" class=\"wpcf7-form-control wpcf7-email wpcf7-validates-as-required wpcf7-text wpcf7-validates-as-email\" autocomplete=\"email\" aria-required=\"true\" aria-invalid=\"false\" value=\"\" type=\"email\" name=\"your-email\" \/><\/span>\n<\/p>\n<p>Phone Number <span class=\"wpcf7-form-control-wrap\" data-name=\"phone\"><input size=\"40\" maxlength=\"400\" class=\"wpcf7-form-control wpcf7-text wpcf7-validates-as-required\" aria-required=\"true\" aria-invalid=\"false\" value=\"\" type=\"text\" name=\"phone\" \/><\/span>\n<\/p>\n<p>School <span class=\"wpcf7-form-control-wrap\" data-name=\"school\"><select class=\"wpcf7-form-control wpcf7-select wpcf7-validates-as-required\" aria-required=\"true\" aria-invalid=\"false\" name=\"school\"><option value=\"\">&#8212;Please choose an option&#8212;<\/option><option value=\"---\">---<\/option><option value=\"Inscription sans affiliation\">Registration without affiliation<\/option><option value=\"---\">---<\/option><option value=\"Addesso Dojo\">Addesso Dojo<\/option><option value=\"Alessandro Bartoli Kyokushin Karate Montreal\">Alessandro Bartoli Kyokushin Karate Montreal<\/option><option value=\"Bushido Dojo\">Bushido Dojo<\/option><option value=\"Capital Kyokushin\">Capital Kyokushin<\/option><option value=\"Centre d&#039;art Martiaux Lee Ling\">Centre d&#039;art Martiaux Lee Ling<\/option><option value=\"Centre de Karat\u00e9 Deragon\">Centre de Karat\u00e9 Deragon<\/option><option value=\"Centre de Karat\u00e9 Perez\">Centre de Karat\u00e9 Perez<\/option><option value=\"Centre de Karat\u00e9 Rimouski\">Centre de Karat\u00e9 Rimouski<\/option><option value=\"Centre Jacques Dupont\">Centre Jacques Dupont<\/option><option value=\"Centre Lamarre\">Centre Lamarre<\/option><option value=\"Centre Paulin Racine\">Centre Paulin Racine<\/option><option value=\"Chertkov Academy\">Chertkov Academy<\/option><option value=\"Club de karate ouest de l&#039;ile\">Club de karate ouest de l&#039;ile<\/option><option value=\"Contact Kicks Martial Arts\">Contact Kicks Martial Arts<\/option><option value=\"Dojo D\">Dojo D<\/option><option value=\"Dojo El Monte\">Dojo El Monte<\/option><option value=\"Dojo San\">Dojo San<\/option><option value=\"Eastside Kyokushin\">Eastside Kyokushin<\/option><option value=\"\u00c9cole Technic B\u00fbD\u00f4-J\u00eets\u00fb\">\u00c9cole Technic B\u00fbD\u00f4-J\u00eets\u00fb<\/option><option value=\"Ens\u014d Dojo\">Ens\u014d Dojo<\/option><option value=\"Fighting Spirit Karate\">Fighting Spirit Karate<\/option><option value=\"Garcia Dojo\">Garcia Dojo<\/option><option value=\"Geminos Dojo\">Geminos Dojo<\/option><option value=\"Hanshi Roman Dojo\">Hanshi Roman Dojo<\/option><option value=\"IKO Matsushima\">IKO Matsushima<\/option><option value=\"IKO Matsushima Afghanistan\">IKO Matsushima Afghanistan<\/option><option value=\"Inaka Dojo\">Inaka Dojo<\/option><option value=\"Kanreikai Joliette\">Kanreikai Joliette<\/option><option value=\"Kanreikai Karate Vaudreuil\">Kanreikai Karate Vaudreuil<\/option><option value=\"Karat\u00e9 Chambly\">Karat\u00e9 Chambly<\/option><option value=\"Karat\u00e9 Forza\">Karat\u00e9 Forza<\/option><option value=\"Karat\u00e9 IDS\">Karat\u00e9 IDS<\/option><option value=\"Karat\u00e9 KJF\">Karat\u00e9 KJF<\/option><option value=\"Karat\u00e9 Kyokushin Beloeil\">Karat\u00e9 Kyokushin Beloeil<\/option><option value=\"Karat\u00e9 Kyokushin Boucherville\">Karat\u00e9 Kyokushin Boucherville<\/option><option value=\"Karat\u00e9 Kyokushin Deux-Montagnes\">Karat\u00e9 Kyokushin Deux-Montagnes<\/option><option value=\"Karat\u00e9 Kyokushin East Angus\">Karat\u00e9 Kyokushin East Angus<\/option><option value=\"Karate Kyokushin Hawkesbury\">Karate Kyokushin Hawkesbury<\/option><option value=\"Karat\u00e9 Kyokushin Kaikan Tezuka Canada\">Karat\u00e9 Kyokushin Kaikan Tezuka Canada<\/option><option value=\"Karat\u00e9 Kyokushin Mont\u00e9r\u00e9gie\">Karat\u00e9 Kyokushin Mont\u00e9r\u00e9gie<\/option><option value=\"Karate Kyokushin Qu\u00e9bec\">Karate Kyokushin Qu\u00e9bec<\/option><option value=\"Karat\u00e9 Kyokushin Sherbrooke\">Karat\u00e9 Kyokushin Sherbrooke<\/option><option value=\"Karat\u00e9 Kyokushin Shihan Jacques Lepage\">Karat\u00e9 Kyokushin Shihan Jacques Lepage<\/option><option value=\"Karat\u00e9 Kyokushin St-Bruno\">Karat\u00e9 Kyokushin St-Bruno<\/option><option value=\"Karat\u00e9 Kyokushin St-Jean\">Karat\u00e9 Kyokushin St-Jean<\/option><option value=\"Karat\u00e9 Kyokushin Varennes\">Karat\u00e9 Kyokushin Varennes<\/option><option value=\"Karat\u00e9 Mascouche - IFK Canada\">Karat\u00e9 Mascouche - IFK Canada<\/option><option value=\"Karat\u00e9 Sainte Martine\">Karat\u00e9 Sainte Martine<\/option><option value=\"Karat\u00e9 St-Hyacinthe\">Karat\u00e9 St-Hyacinthe<\/option><option value=\"Karate Shinkyokushinkai Ottawa\">Karate Shinkyokushinkai Ottawa<\/option><option value=\"Karate SO\">Karate SO<\/option><option value=\"Karat\u00e9 Soyuma\">Karat\u00e9 Soyuma<\/option><option value=\"Karat\u00e9 St\u00e9phane Marcotte\">Karat\u00e9 St\u00e9phane Marcotte<\/option><option value=\"Karat\u00e9 Ste-Rose\">Karat\u00e9 Ste-Rose<\/option><option value=\"Ki Shin Karate\">Ki Shin Karate<\/option><option value=\"Kombat Sport Rive-Nord\">Kombat Sport Rive-Nord<\/option><option value=\"KWF Costa Rica\">KWF Costa Rica<\/option><option value=\"Kyokushin Do St-Eustache\">Kyokushin Do St-Eustache<\/option><option value=\"Kyokushin Karate USA - Honbu\">Kyokushin Karate USA - Honbu<\/option><option value=\"Kyokushin Kenbukai Sorel-Tracy\">Kyokushin Kenbukai Sorel-Tracy<\/option><option value=\"Kyokushin KWF Canada\">Kyokushin KWF Canada<\/option><option value=\"Kyokushin Ottawa Gaudreault Dojo\">Kyokushin Ottawa Gaudreault Dojo<\/option><option value=\"Kyokushin Rivi\u00e8re-Du-Loup\">Kyokushin Rivi\u00e8re-Du-Loup<\/option><option value=\"Kyokushin Shidokan\">Kyokushin Shidokan<\/option><option value=\"Kyokushin St-Anaclet\">Kyokushin St-Anaclet<\/option><option value=\"Kyokutou Karate Do Azuma Dojo Canada\">Kyokutou Karate Do Azuma Dojo Canada<\/option><option value=\"Lasalle Coyle Dojo\">Lasalle Coyle Dojo<\/option><option value=\"Nintai dojo\">Nintai dojo<\/option><option value=\"Ohan Family Martial Arts\">Ohan Family Martial Arts<\/option><option value=\"Oshi Shinobu Dojo\">Oshi Shinobu Dojo<\/option><option value=\"Russo Dojo\">Russo Dojo<\/option><option value=\"S &amp; S Fitness and Martial Arts Center\">S &amp; S Fitness and Martial Arts Center<\/option><option value=\"Shihan Andr\u00e9 Gilbert\">Shihan Andr\u00e9 Gilbert<\/option><option value=\"Shihan Camille Ohan\">Shihan Camille Ohan<\/option><option value=\"Shihan Gaby Dojo\">Shihan Gaby Dojo<\/option><option value=\"Shinka\">Shinka<\/option><option value=\"Shinkyokushin Longueuil\">Shinkyokushin Longueuil<\/option><option value=\"Shinkyokushin Saint-J\u00e9r\u00f4me\">Shinkyokushin Saint-J\u00e9r\u00f4me<\/option><option value=\"Shinkyokushin Stanstead\">Shinkyokushin Stanstead<\/option><option value=\"SME Karat\u00e9 Windsor\">SME Karat\u00e9 Windsor<\/option><option value=\"Sportive Rive Nord\">Sportive Rive Nord<\/option><option value=\"Studio Samoura\u00ef\">Studio Samoura\u00ef<\/option><option value=\"Sutogure Dojo, Karate SD\">Sutogure Dojo, Karate SD<\/option><option value=\"Zimerman Dojo\">Zimerman Dojo<\/option><\/select><\/span>\n<\/p>\n<p>Seminar Selection<br \/>\n<span class=\"wpcf7-form-control-wrap\" data-name=\"choixdecamp\"><span class=\"wpcf7-form-control wpcf7-checkbox wpcf7-validates-as-required\"><span class=\"wpcf7-list-item first\"><label><input type=\"checkbox\" name=\"choixdecamp[]\" value=\"Toutes ceintures : dimanche 13h - 15h\" \/><span class=\"wpcf7-list-item-label\">All belts: Sunday 1 PM - 3 PM<\/span><\/label><\/span><span class=\"wpcf7-list-item last\"><label><input type=\"checkbox\" name=\"choixdecamp[]\" value=\"Ceinture verte, marron et noire : dimanche 15h30 - 17h30\" \/><span class=\"wpcf7-list-item-label\">Green, Brown, and Black Belts: Sunday 3:30 PM - 5:30 PM<\/span><\/label><\/span><\/span><\/span>\n<\/p>\n<p>Acceptance<br \/>\n<span class=\"wpcf7-form-control-wrap\" data-name=\"acceptance-184\"><span class=\"wpcf7-form-control wpcf7-acceptance\"><span class=\"wpcf7-list-item\"><label><input type=\"checkbox\" name=\"acceptance-184\" value=\"1\" aria-invalid=\"false\" \/><span class=\"wpcf7-list-item-label\">I have read and accept the <a href=\"\/wp-content\/uploads\/2024\/09\/consent-en.pdf\" title=\"\" target=\"_blank\" rel=\"noopener noreferrer\">disclaimer of liability, the image use authorization<\/a> and the <a href=\"\/wp-content\/uploads\/2024\/09\/regle-securite-fr.pdf\" title=\"\" target=\"_blank\" rel=\"noopener noreferrer\"> safety regulations<\/a> that applies to this event.<\/span><\/label><\/span><\/span><\/span><br \/>\n<div class=\"wpcf7-response-output\" aria-hidden=\"true\"><\/div><br \/>\n<input class=\"wpcf7-form-control wpcf7-submit has-spinner\" type=\"submit\" value=\"Submit\" \/>\n<\/p>\n<input type=\"hidden\" name=\"trp-form-language\" value=\"en\"\/><\/form>\n<\/div>\n<\/div>\n\n\n\n<p><br><\/p>\n<\/div>\n\n\n\n<div class=\"wp-block-column is-layout-flow wp-block-column-is-layout-flow\" style=\"flex-basis:25%\"><\/div>\n<\/div>","protected":false},"excerpt":{"rendered":"<p>Formulaire d&rsquo;inscription Compl\u00e9ter le formulaire suivant afin de vous inscrire au s\u00e9minaire KWU SENSHI Montr\u00e9al.<\/p>","protected":false},"author":1,"featured_media":0,"parent":0,"menu_order":0,"comment_status":"closed","ping_status":"closed","template":"","meta":{"_monsterinsights_skip_tracking":false,"_monsterinsights_sitenote_active":false,"_monsterinsights_sitenote_note":"","_monsterinsights_sitenote_category":0,"site-sidebar-layout":"default","site-content-layout":"","ast-site-content-layout":"default","site-content-style":"default","site-sidebar-style":"default","ast-global-header-display":"","ast-banner-title-visibility":"","ast-main-header-display":"","ast-hfb-above-header-display":"","ast-hfb-below-header-display":"","ast-hfb-mobile-header-display":"","site-post-title":"disabled","ast-breadcrumbs-content":"","ast-featured-img":"","footer-sml-layout":"","ast-disable-related-posts":"","theme-transparent-header-meta":"","adv-header-id-meta":"","stick-header-meta":"","header-above-stick-meta":"","header-main-stick-meta":"","header-below-stick-meta":"","astra-migrate-meta-layouts":"default","ast-page-background-enabled":"default","ast-page-background-meta":{"desktop":{"background-color":"var(--ast-global-color-4)","background-image":"","background-repeat":"repeat","background-position":"center center","background-size":"auto","background-attachment":"scroll","background-type":"","background-media":"","overlay-type":"","overlay-color":"","overlay-opacity":"","overlay-gradient":""},"tablet":{"background-color":"","background-image":"","background-repeat":"repeat","background-position":"center center","background-size":"auto","background-attachment":"scroll","background-type":"","background-media":"","overlay-type":"","overlay-color":"","overlay-opacity":"","overlay-gradient":""},"mobile":{"background-color":"","background-image":"","background-repeat":"repeat","background-position":"center center","background-size":"auto","background-attachment":"scroll","background-type":"","background-media":"","overlay-type":"","overlay-color":"","overlay-opacity":"","overlay-gradient":""}},"ast-content-background-meta":{"desktop":{"background-color":"var(--ast-global-color-5)","background-image":"","background-repeat":"repeat","background-position":"center center","background-size":"auto","background-attachment":"scroll","background-type":"","background-media":"","overlay-type":"","overlay-color":"","overlay-opacity":"","overlay-gradient":""},"tablet":{"background-color":"var(--ast-global-color-5)","background-image":"","background-repeat":"repeat","background-position":"center center","background-size":"auto","background-attachment":"scroll","background-type":"","background-media":"","overlay-type":"","overlay-color":"","overlay-opacity":"","overlay-gradient":""},"mobile":{"background-color":"var(--ast-global-color-5)","background-image":"","background-repeat":"repeat","background-position":"center center","background-size":"auto","background-attachment":"scroll","background-type":"","background-media":"","overlay-type":"","overlay-color":"","overlay-opacity":"","overlay-gradient":""}},"footnotes":""},"class_list":["post-51","page","type-page","status-publish","hentry"],"yoast_head":"<!-- This site is optimized with the Yoast SEO plugin v27.1.1 - https:\/\/yoast.com\/product\/yoast-seo-wordpress\/ -->\n<title>Inscription - KWU SENSHI Montreal<\/title>\n<meta name=\"description\" content=\"Time to be United.\" \/>\n<meta name=\"robots\" content=\"index, follow, max-snippet:-1, max-image-preview:large, max-video-preview:-1\" \/>\n<link rel=\"canonical\" href=\"https:\/\/kwusenshimontreal.com\/en\/inscription\/\" \/>\n<meta property=\"og:locale\" content=\"en_US\" \/>\n<meta property=\"og:type\" content=\"article\" \/>\n<meta property=\"og:title\" content=\"KWU SENSHI Montreal\" \/>\n<meta property=\"og:description\" content=\"Time to be United.\" \/>\n<meta property=\"og:url\" content=\"https:\/\/kwusenshimontreal.com\/en\/inscription\/\" \/>\n<meta property=\"og:site_name\" content=\"KWU SENSHI Montreal\" \/>\n<meta property=\"article:publisher\" content=\"https:\/\/www.facebook.com\/KWU.Senshi.Montreal\" \/>\n<meta property=\"article:modified_time\" content=\"2025-12-05T14:47:57+00:00\" \/>\n<meta property=\"og:image\" content=\"https:\/\/kwusenshimontreal.com\/wp-content\/uploads\/2024\/03\/Senshi-logo-360x360-white.png\" \/>\n\t<meta property=\"og:image:width\" content=\"360\" \/>\n\t<meta property=\"og:image:height\" content=\"360\" \/>\n\t<meta property=\"og:image:type\" content=\"image\/png\" \/>\n<meta name=\"twitter:card\" content=\"summary_large_image\" \/>\n<script type=\"application\/ld+json\" class=\"yoast-schema-graph\">{\"@context\":\"https:\/\/schema.org\",\"@graph\":[{\"@type\":\"WebPage\",\"@id\":\"https:\/\/kwusenshimontreal.com\/inscription\/\",\"url\":\"https:\/\/kwusenshimontreal.com\/inscription\/\",\"name\":\"Inscription - KWU SENSHI Montreal\",\"isPartOf\":{\"@id\":\"https:\/\/kwusenshimontreal.com\/en\/#website\"},\"primaryImageOfPage\":{\"@id\":\"https:\/\/kwusenshimontreal.com\/inscription\/#primaryimage\"},\"image\":{\"@id\":\"https:\/\/kwusenshimontreal.com\/inscription\/#primaryimage\"},\"thumbnailUrl\":\"https:\/\/kwusenshimontreal.com\/wp-content\/uploads\/2024\/03\/Senshi-logo-360x360-white.png\",\"datePublished\":\"2024-09-10T14:28:01+00:00\",\"dateModified\":\"2025-12-05T14:47:57+00:00\",\"description\":\"Time to be United.\",\"breadcrumb\":{\"@id\":\"https:\/\/kwusenshimontreal.com\/inscription\/#breadcrumb\"},\"inLanguage\":\"en-US\",\"potentialAction\":[{\"@type\":\"ReadAction\",\"target\":[\"https:\/\/kwusenshimontreal.com\/inscription\/\"]}]},{\"@type\":\"ImageObject\",\"inLanguage\":\"en-US\",\"@id\":\"https:\/\/kwusenshimontreal.com\/inscription\/#primaryimage\",\"url\":\"https:\/\/kwusenshimontreal.com\/wp-content\/uploads\/2024\/03\/Senshi-logo-360x360-white.png\",\"contentUrl\":\"https:\/\/kwusenshimontreal.com\/wp-content\/uploads\/2024\/03\/Senshi-logo-360x360-white.png\"},{\"@type\":\"BreadcrumbList\",\"@id\":\"https:\/\/kwusenshimontreal.com\/inscription\/#breadcrumb\",\"itemListElement\":[{\"@type\":\"ListItem\",\"position\":1,\"name\":\"Home\",\"item\":\"https:\/\/kwusenshimontreal.com\/\"},{\"@type\":\"ListItem\",\"position\":2,\"name\":\"Inscription\"}]},{\"@type\":\"WebSite\",\"@id\":\"https:\/\/kwusenshimontreal.com\/en\/#website\",\"url\":\"https:\/\/kwusenshimontreal.com\/en\/\",\"name\":\"KWU SENSHI Montreal\",\"description\":\"\",\"publisher\":{\"@id\":\"https:\/\/kwusenshimontreal.com\/en\/#organization\"},\"potentialAction\":[{\"@type\":\"SearchAction\",\"target\":{\"@type\":\"EntryPoint\",\"urlTemplate\":\"https:\/\/kwusenshimontreal.com\/en\/?s={search_term_string}\"},\"query-input\":{\"@type\":\"PropertyValueSpecification\",\"valueRequired\":true,\"valueName\":\"search_term_string\"}}],\"inLanguage\":\"en-US\"},{\"@type\":\"Organization\",\"@id\":\"https:\/\/kwusenshimontreal.com\/en\/#organization\",\"name\":\"KWU SENSHI Montreal\",\"url\":\"https:\/\/kwusenshimontreal.com\/en\/\",\"logo\":{\"@type\":\"ImageObject\",\"inLanguage\":\"en-US\",\"@id\":\"https:\/\/kwusenshimontreal.com\/en\/#\/schema\/logo\/image\/\",\"url\":\"https:\/\/kwusenshimontreal.com\/wp-content\/uploads\/2024\/09\/Untitled-design-1000x1000-1.png\",\"contentUrl\":\"https:\/\/kwusenshimontreal.com\/wp-content\/uploads\/2024\/09\/Untitled-design-1000x1000-1.png\",\"width\":1000,\"height\":1000,\"caption\":\"KWU SENSHI Montreal\"},\"image\":{\"@id\":\"https:\/\/kwusenshimontreal.com\/en\/#\/schema\/logo\/image\/\"},\"sameAs\":[\"https:\/\/www.facebook.com\/KWU.Senshi.Montreal\"]}]}<\/script>\n<!-- \/ Yoast SEO plugin. -->","yoast_head_json":{"title":"Inscription - KWU SENSHI Montreal","description":"Time to be United.","robots":{"index":"index","follow":"follow","max-snippet":"max-snippet:-1","max-image-preview":"max-image-preview:large","max-video-preview":"max-video-preview:-1"},"canonical":"https:\/\/kwusenshimontreal.com\/en\/inscription\/","og_locale":"en_US","og_type":"article","og_title":"KWU SENSHI Montreal","og_description":"Time to be United.","og_url":"https:\/\/kwusenshimontreal.com\/en\/inscription\/","og_site_name":"KWU SENSHI Montreal","article_publisher":"https:\/\/www.facebook.com\/KWU.Senshi.Montreal","article_modified_time":"2025-12-05T14:47:57+00:00","og_image":[{"width":360,"height":360,"url":"https:\/\/kwusenshimontreal.com\/wp-content\/uploads\/2024\/03\/Senshi-logo-360x360-white.png","type":"image\/png"}],"twitter_card":"summary_large_image","schema":{"@context":"https:\/\/schema.org","@graph":[{"@type":"WebPage","@id":"https:\/\/kwusenshimontreal.com\/inscription\/","url":"https:\/\/kwusenshimontreal.com\/inscription\/","name":"Inscription - KWU SENSHI Montreal","isPartOf":{"@id":"https:\/\/kwusenshimontreal.com\/en\/#website"},"primaryImageOfPage":{"@id":"https:\/\/kwusenshimontreal.com\/inscription\/#primaryimage"},"image":{"@id":"https:\/\/kwusenshimontreal.com\/inscription\/#primaryimage"},"thumbnailUrl":"https:\/\/kwusenshimontreal.com\/wp-content\/uploads\/2024\/03\/Senshi-logo-360x360-white.png","datePublished":"2024-09-10T14:28:01+00:00","dateModified":"2025-12-05T14:47:57+00:00","description":"Time to be United.","breadcrumb":{"@id":"https:\/\/kwusenshimontreal.com\/inscription\/#breadcrumb"},"inLanguage":"en-US","potentialAction":[{"@type":"ReadAction","target":["https:\/\/kwusenshimontreal.com\/inscription\/"]}]},{"@type":"ImageObject","inLanguage":"en-US","@id":"https:\/\/kwusenshimontreal.com\/inscription\/#primaryimage","url":"https:\/\/kwusenshimontreal.com\/wp-content\/uploads\/2024\/03\/Senshi-logo-360x360-white.png","contentUrl":"https:\/\/kwusenshimontreal.com\/wp-content\/uploads\/2024\/03\/Senshi-logo-360x360-white.png"},{"@type":"BreadcrumbList","@id":"https:\/\/kwusenshimontreal.com\/inscription\/#breadcrumb","itemListElement":[{"@type":"ListItem","position":1,"name":"Home","item":"https:\/\/kwusenshimontreal.com\/"},{"@type":"ListItem","position":2,"name":"Inscription"}]},{"@type":"WebSite","@id":"https:\/\/kwusenshimontreal.com\/en\/#website","url":"https:\/\/kwusenshimontreal.com\/en\/","name":"KWU SENSHI Montreal","description":"","publisher":{"@id":"https:\/\/kwusenshimontreal.com\/en\/#organization"},"potentialAction":[{"@type":"SearchAction","target":{"@type":"EntryPoint","urlTemplate":"https:\/\/kwusenshimontreal.com\/en\/?s={search_term_string}"},"query-input":{"@type":"PropertyValueSpecification","valueRequired":true,"valueName":"search_term_string"}}],"inLanguage":"en-US"},{"@type":"Organization","@id":"https:\/\/kwusenshimontreal.com\/en\/#organization","name":"KWU SENSHI Montreal","url":"https:\/\/kwusenshimontreal.com\/en\/","logo":{"@type":"ImageObject","inLanguage":"en-US","@id":"https:\/\/kwusenshimontreal.com\/en\/#\/schema\/logo\/image\/","url":"https:\/\/kwusenshimontreal.com\/wp-content\/uploads\/2024\/09\/Untitled-design-1000x1000-1.png","contentUrl":"https:\/\/kwusenshimontreal.com\/wp-content\/uploads\/2024\/09\/Untitled-design-1000x1000-1.png","width":1000,"height":1000,"caption":"KWU SENSHI Montreal"},"image":{"@id":"https:\/\/kwusenshimontreal.com\/en\/#\/schema\/logo\/image\/"},"sameAs":["https:\/\/www.facebook.com\/KWU.Senshi.Montreal"]}]}},"_links":{"self":[{"href":"https:\/\/kwusenshimontreal.com\/en\/wp-json\/wp\/v2\/pages\/51","targetHints":{"allow":["GET"]}}],"collection":[{"href":"https:\/\/kwusenshimontreal.com\/en\/wp-json\/wp\/v2\/pages"}],"about":[{"href":"https:\/\/kwusenshimontreal.com\/en\/wp-json\/wp\/v2\/types\/page"}],"author":[{"embeddable":true,"href":"https:\/\/kwusenshimontreal.com\/en\/wp-json\/wp\/v2\/users\/1"}],"replies":[{"embeddable":true,"href":"https:\/\/kwusenshimontreal.com\/en\/wp-json\/wp\/v2\/comments?post=51"}],"version-history":[{"count":27,"href":"https:\/\/kwusenshimontreal.com\/en\/wp-json\/wp\/v2\/pages\/51\/revisions"}],"predecessor-version":[{"id":290,"href":"https:\/\/kwusenshimontreal.com\/en\/wp-json\/wp\/v2\/pages\/51\/revisions\/290"}],"wp:attachment":[{"href":"https:\/\/kwusenshimontreal.com\/en\/wp-json\/wp\/v2\/media?parent=51"}],"curies":[{"name":"wp","href":"https:\/\/api.w.org\/{rel}","templated":true}]}}