{"id":10,"date":"2024-03-20T20:57:10","date_gmt":"2024-03-20T20:57:10","guid":{"rendered":"https:\/\/kwusenshimontreal.com\/?page_id=10"},"modified":"2025-12-15T15:45:59","modified_gmt":"2025-12-15T19:45:59","slug":"home","status":"publish","type":"page","link":"https:\/\/kwusenshimontreal.com\/en\/","title":{"rendered":"Home"},"content":{"rendered":"<h2 class=\"wp-block-heading alignwide\" id=\"we-re-a-studio-in-berlin-with-an-international-practice-in-architecture-urban-planning-and-interior-design-we-believe-in-sharing-knowledge-and-promoting-dialogue-to-increase-the-creative-potential-of-collaboration\" style=\"font-size:48px;line-height:1.1\"><\/h2>\n\n\n\n<figure class=\"wp-block-image aligncenter size-full is-style-default\"><a href=\"https:\/\/kwusenshimontreal.com\/en\/\"><img loading=\"lazy\" decoding=\"async\" width=\"360\" height=\"360\" src=\"https:\/\/kwusenshimontreal.com\/wp-content\/uploads\/2024\/03\/Senshi-logo-360x360-white.png\" alt=\"\" class=\"wp-image-46\" srcset=\"https:\/\/kwusenshimontreal.com\/wp-content\/uploads\/2024\/03\/Senshi-logo-360x360-white.png 360w, https:\/\/kwusenshimontreal.com\/wp-content\/uploads\/2024\/03\/Senshi-logo-360x360-white-300x300.png 300w, https:\/\/kwusenshimontreal.com\/wp-content\/uploads\/2024\/03\/Senshi-logo-360x360-white-150x150.png 150w\" sizes=\"auto, (max-width: 360px) 100vw, 360px\" \/><\/a><\/figure>\n\n\n\n<p><br><\/p>\n\n\n\n<div class=\"wp-block-buttons is-content-justification-center is-layout-flex wp-container-core-buttons-is-layout-a89b3969 wp-block-buttons-is-layout-flex\">\n<div class=\"wp-block-button\"><a class=\"wp-block-button__link wp-element-button\" href=\"https:\/\/kwusenshimontreal.com\/en\/inscription\/\">Seminar Registration<\/a><\/div>\n<\/div>\n\n\n\n<div class=\"wp-block-columns is-layout-flex wp-container-core-columns-is-layout-28f84493 wp-block-columns-is-layout-flex\">\n<div class=\"wp-block-column is-layout-flow wp-block-column-is-layout-flow\">\n<h2 class=\"wp-block-heading has-text-align-center\">Special Seminar with Shihan Glaube Feitosa<\/h2>\n\n\n\n<h2 class=\"wp-block-heading has-text-align-center\">March 15, 2026<\/h2>\n\n\n\n<figure class=\"wp-block-image aligncenter size-full\"><img loading=\"lazy\" decoding=\"async\" width=\"580\" height=\"773\" src=\"https:\/\/kwusenshimontreal.com\/wp-content\/uploads\/2025\/12\/Seminar.v2-EN-580.jpg\" alt=\"\" class=\"wp-image-313\" srcset=\"https:\/\/kwusenshimontreal.com\/wp-content\/uploads\/2025\/12\/Seminar.v2-EN-580.jpg 580w, https:\/\/kwusenshimontreal.com\/wp-content\/uploads\/2025\/12\/Seminar.v2-EN-580-225x300.jpg 225w, https:\/\/kwusenshimontreal.com\/wp-content\/uploads\/2025\/12\/Seminar.v2-EN-580-9x12.jpg 9w\" sizes=\"auto, (max-width: 580px) 100vw, 580px\" \/><\/figure>\n\n\n\n<p class=\"has-text-align-center has-medium-font-size\"><strong>KWU SENSHI Montr\u00e9al is proud to announce a special seminar with Shihan Glaube Feitosa!<\/strong><\/p>\n\n\n\n<p>The day after the <strong><a href=\"https:\/\/goldcuptournament.com\/en\">KWU SENSHI Gold Cup<\/a><\/strong>, don\u2019t miss this unique opportunity to refine your techniques with a legend of Kyokushin and Kickboxing.<\/p>\n\n\n\n<p>An unmissable opportunity for all enthusiasts looking to learn from an exceptional champion!<\/p>\n\n\n\n<p>For any questions, please contact: <a href=\"mailto:info@kwusenshimontreal.com\">info@kwusenshimontreal.com<\/a><\/p>\n\n\n\n<p><br><\/p>\n\n\n\n<h4 class=\"wp-block-heading\"><strong>Date and Location<\/strong><\/h4>\n\n\n\n<p>The event will take place on <strong>Sunday March 15<\/strong>, at&nbsp;<a href=\"https:\/\/www.cldv.ca\/\">Leonardo da Vinci Center<\/a>, located at <a href=\"https:\/\/maps.app.goo.gl\/rQ53ne2QoeBE5d2P9\">8370 Lacordaire Boulevard, Saint-L\u00e9onard<\/a>.<\/p>\n\n\n\n<p><br><\/p>\n\n\n\n<h4 class=\"wp-block-heading\"><strong>Who Can Participate?<\/strong><\/h4>\n\n\n\n<p>The seminar is aimed at both beginners, children and adults alike, as well as high-level practitioners. They are open to all styles of martial arts, with particular attention given to Kyokushin Karate.<\/p>\n\n\n\n<p><br><\/p>\n\n\n\n<h4 class=\"wp-block-heading\"><strong>Schedule and<\/strong> <strong>Registration Fees<\/strong><\/h4>\n\n\n\n<p><strong>Kyokushin Karate \u2013 All Belts<\/strong><\/p>\n\n\n\n<p style=\"margin-right:0;margin-left:0;padding-right:var(--wp--preset--spacing--30);padding-left:var(--wp--preset--spacing--30)\">Sunday, 1 PM to 3 PM: $80<\/p>\n\n\n\n<p><strong><strong>Kyokushin Karate \u2013 Green, Brown, and Black Belts<\/strong><\/strong><\/p>\n\n\n\n<p style=\"margin-right:0;margin-left:0;padding-right:var(--wp--preset--spacing--30);padding-left:var(--wp--preset--spacing--30)\">Sunday, 3:30 PM to 5:30 PM: $80<\/p>\n\n\n\n<p><strong>Price for both sessions: $140<\/strong><\/p>\n\n\n\n<p><br><\/p>\n\n\n\n<h4 class=\"wp-block-heading\"><strong>Seminar information<\/strong><\/h4>\n\n\n\n<ul class=\"wp-block-list\">\n<li>Gi is mandatory.<\/li>\n\n\n\n<li>The training will be conducted without any blows to the head.<\/li>\n\n\n\n<li>Hand and foot protection is highly recommended.<\/li>\n\n\n\n<li>Spectators are not allowed in the training area.<\/li>\n\n\n\n<li>No video recordings are allowed during the event.<\/li>\n<\/ul>\n\n\n\n<p><br><\/p>\n\n\n\n<h4 class=\"wp-block-heading\"><strong>Registration<\/strong><\/h4>\n\n\n\n<p>Fill out the <a title=\"\" href=\"https:\/\/kwusenshimontreal.com\/en\/inscription\/\">registration form<\/a>. <strong>The registration deadline is March 13, 2026.<\/strong><\/p>\n\n\n\n<p><br><\/p>\n\n\n\n<h4 class=\"wp-block-heading\"><strong>Join Us!<\/strong><\/h4>\n\n\n\n<p>Take on the challenge and join our seminar! Register now to experience an adventure that will not only bring you new knowledge, but also unforgettable moments and the opportunity to forge friendships with fighters from around the world.<\/p>\n\n\n\n<p><br><\/p>\n<\/div>\n<\/div>\n\n\n\n<p><\/p>","protected":false},"excerpt":{"rendered":"<p>S\u00e9minaire sp\u00e9cial avec Shihan Glaube Feitosa 15 mars 2026 KWU SENSHI Montr\u00e9al est fier d\u2019annoncer un s\u00e9minaire exceptionnel avec Shihan [&hellip;]<\/p>\n","protected":false},"author":1,"featured_media":0,"parent":0,"menu_order":0,"comment_status":"closed","ping_status":"closed","template":"","meta":{"_monsterinsights_skip_tracking":false,"_monsterinsights_sitenote_active":false,"_monsterinsights_sitenote_note":"","_monsterinsights_sitenote_category":0,"site-sidebar-layout":"no-sidebar","site-content-layout":"plain-container","ast-site-content-layout":"default","site-content-style":"default","site-sidebar-style":"default","ast-global-header-display":"","ast-banner-title-visibility":"","ast-main-header-display":"","ast-hfb-above-header-display":"","ast-hfb-below-header-display":"","ast-hfb-mobile-header-display":"","site-post-title":"disabled","ast-breadcrumbs-content":"","ast-featured-img":"","footer-sml-layout":"","ast-disable-related-posts":"","theme-transparent-header-meta":"enabled","adv-header-id-meta":"","stick-header-meta":"","header-above-stick-meta":"","header-main-stick-meta":"","header-below-stick-meta":"","astra-migrate-meta-layouts":"default","ast-page-background-enabled":"default","ast-page-background-meta":{"desktop":{"background-color":"var(--ast-global-color-4)","background-image":"","background-repeat":"repeat","background-position":"center center","background-size":"auto","background-attachment":"scroll","background-type":"","background-media":"","overlay-type":"","overlay-color":"","overlay-opacity":"","overlay-gradient":""},"tablet":{"background-color":"","background-image":"","background-repeat":"repeat","background-position":"center center","background-size":"auto","background-attachment":"scroll","background-type":"","background-media":"","overlay-type":"","overlay-color":"","overlay-opacity":"","overlay-gradient":""},"mobile":{"background-color":"","background-image":"","background-repeat":"repeat","background-position":"center center","background-size":"auto","background-attachment":"scroll","background-type":"","background-media":"","overlay-type":"","overlay-color":"","overlay-opacity":"","overlay-gradient":""}},"ast-content-background-meta":{"desktop":{"background-color":"var(--ast-global-color-5)","background-image":"","background-repeat":"repeat","background-position":"center center","background-size":"auto","background-attachment":"scroll","background-type":"","background-media":"","overlay-type":"","overlay-color":"","overlay-opacity":"","overlay-gradient":""},"tablet":{"background-color":"var(--ast-global-color-5)","background-image":"","background-repeat":"repeat","background-position":"center center","background-size":"auto","background-attachment":"scroll","background-type":"","background-media":"","overlay-type":"","overlay-color":"","overlay-opacity":"","overlay-gradient":""},"mobile":{"background-color":"var(--ast-global-color-5)","background-image":"","background-repeat":"repeat","background-position":"center center","background-size":"auto","background-attachment":"scroll","background-type":"","background-media":"","overlay-type":"","overlay-color":"","overlay-opacity":"","overlay-gradient":""}},"footnotes":""},"class_list":["post-10","page","type-page","status-publish","hentry"],"yoast_head":"<!-- This site is optimized with the Yoast SEO plugin v27.1.1 - https:\/\/yoast.com\/product\/yoast-seo-wordpress\/ -->\n<title>Home - KWU SENSHI Montreal<\/title>\n<meta name=\"description\" content=\"Time to be United.\" \/>\n<meta name=\"robots\" content=\"index, follow, max-snippet:-1, max-image-preview:large, max-video-preview:-1\" \/>\n<link rel=\"canonical\" href=\"https:\/\/kwusenshimontreal.com\/en\/\" \/>\n<meta property=\"og:locale\" content=\"en_US\" \/>\n<meta property=\"og:type\" content=\"article\" \/>\n<meta property=\"og:title\" content=\"KWU SENSHI Montreal\" \/>\n<meta property=\"og:description\" content=\"Time to be United.\" \/>\n<meta property=\"og:url\" content=\"https:\/\/kwusenshimontreal.com\/en\/\" \/>\n<meta property=\"og:site_name\" content=\"KWU SENSHI Montreal\" \/>\n<meta property=\"article:publisher\" content=\"https:\/\/www.facebook.com\/KWU.Senshi.Montreal\" \/>\n<meta property=\"article:modified_time\" content=\"2025-12-15T19:45:59+00:00\" \/>\n<meta property=\"og:image\" content=\"https:\/\/kwusenshimontreal.com\/wp-content\/uploads\/2024\/03\/Senshi-logo-360x360-white.png\" \/>\n\t<meta property=\"og:image:width\" content=\"360\" \/>\n\t<meta property=\"og:image:height\" content=\"360\" \/>\n\t<meta property=\"og:image:type\" content=\"image\/png\" \/>\n<meta name=\"twitter:card\" content=\"summary_large_image\" \/>\n<meta name=\"twitter:label1\" content=\"Est. reading time\" \/>\n\t<meta name=\"twitter:data1\" content=\"2 minutes\" \/>\n<script type=\"application\/ld+json\" class=\"yoast-schema-graph\">{\"@context\":\"https:\/\/schema.org\",\"@graph\":[{\"@type\":\"WebPage\",\"@id\":\"https:\/\/kwusenshimontreal.com\/\",\"url\":\"https:\/\/kwusenshimontreal.com\/\",\"name\":\"Home - KWU SENSHI Montreal\",\"isPartOf\":{\"@id\":\"https:\/\/kwusenshimontreal.com\/en\/#website\"},\"primaryImageOfPage\":{\"@id\":\"https:\/\/kwusenshimontreal.com\/#primaryimage\"},\"image\":{\"@id\":\"https:\/\/kwusenshimontreal.com\/#primaryimage\"},\"thumbnailUrl\":\"https:\/\/kwusenshimontreal.com\/wp-content\/uploads\/2024\/03\/Senshi-logo-360x360-white.png\",\"datePublished\":\"2024-03-20T20:57:10+00:00\",\"dateModified\":\"2025-12-15T19:45:59+00:00\",\"description\":\"Time to be United.\",\"breadcrumb\":{\"@id\":\"https:\/\/kwusenshimontreal.com\/#breadcrumb\"},\"inLanguage\":\"en-US\",\"potentialAction\":[{\"@type\":\"ReadAction\",\"target\":[\"https:\/\/kwusenshimontreal.com\/\"]}]},{\"@type\":\"ImageObject\",\"inLanguage\":\"en-US\",\"@id\":\"https:\/\/kwusenshimontreal.com\/#primaryimage\",\"url\":\"https:\/\/kwusenshimontreal.com\/wp-content\/uploads\/2024\/03\/Senshi-logo-360x360-white.png\",\"contentUrl\":\"https:\/\/kwusenshimontreal.com\/wp-content\/uploads\/2024\/03\/Senshi-logo-360x360-white.png\"},{\"@type\":\"BreadcrumbList\",\"@id\":\"https:\/\/kwusenshimontreal.com\/#breadcrumb\",\"itemListElement\":[{\"@type\":\"ListItem\",\"position\":1,\"name\":\"Home\",\"item\":\"https:\/\/kwusenshimontreal.com\/\"},{\"@type\":\"ListItem\",\"position\":2,\"name\":\"Home\"}]},{\"@type\":\"WebSite\",\"@id\":\"https:\/\/kwusenshimontreal.com\/en\/#website\",\"url\":\"https:\/\/kwusenshimontreal.com\/en\/\",\"name\":\"KWU SENSHI Montreal\",\"description\":\"\",\"publisher\":{\"@id\":\"https:\/\/kwusenshimontreal.com\/en\/#organization\"},\"potentialAction\":[{\"@type\":\"SearchAction\",\"target\":{\"@type\":\"EntryPoint\",\"urlTemplate\":\"https:\/\/kwusenshimontreal.com\/en\/?s={search_term_string}\"},\"query-input\":{\"@type\":\"PropertyValueSpecification\",\"valueRequired\":true,\"valueName\":\"search_term_string\"}}],\"inLanguage\":\"en-US\"},{\"@type\":\"Organization\",\"@id\":\"https:\/\/kwusenshimontreal.com\/en\/#organization\",\"name\":\"KWU SENSHI Montreal\",\"url\":\"https:\/\/kwusenshimontreal.com\/en\/\",\"logo\":{\"@type\":\"ImageObject\",\"inLanguage\":\"en-US\",\"@id\":\"https:\/\/kwusenshimontreal.com\/en\/#\/schema\/logo\/image\/\",\"url\":\"https:\/\/kwusenshimontreal.com\/wp-content\/uploads\/2024\/09\/Untitled-design-1000x1000-1.png\",\"contentUrl\":\"https:\/\/kwusenshimontreal.com\/wp-content\/uploads\/2024\/09\/Untitled-design-1000x1000-1.png\",\"width\":1000,\"height\":1000,\"caption\":\"KWU SENSHI Montreal\"},\"image\":{\"@id\":\"https:\/\/kwusenshimontreal.com\/en\/#\/schema\/logo\/image\/\"},\"sameAs\":[\"https:\/\/www.facebook.com\/KWU.Senshi.Montreal\"]}]}<\/script>\n<!-- \/ Yoast SEO plugin. -->","yoast_head_json":{"title":"Home - KWU SENSHI Montreal","description":"Time to be United.","robots":{"index":"index","follow":"follow","max-snippet":"max-snippet:-1","max-image-preview":"max-image-preview:large","max-video-preview":"max-video-preview:-1"},"canonical":"https:\/\/kwusenshimontreal.com\/en\/","og_locale":"en_US","og_type":"article","og_title":"KWU SENSHI Montreal","og_description":"Time to be United.","og_url":"https:\/\/kwusenshimontreal.com\/en\/","og_site_name":"KWU SENSHI Montreal","article_publisher":"https:\/\/www.facebook.com\/KWU.Senshi.Montreal","article_modified_time":"2025-12-15T19:45:59+00:00","og_image":[{"width":360,"height":360,"url":"https:\/\/kwusenshimontreal.com\/wp-content\/uploads\/2024\/03\/Senshi-logo-360x360-white.png","type":"image\/png"}],"twitter_card":"summary_large_image","twitter_misc":{"Est. reading time":"2 minutes"},"schema":{"@context":"https:\/\/schema.org","@graph":[{"@type":"WebPage","@id":"https:\/\/kwusenshimontreal.com\/","url":"https:\/\/kwusenshimontreal.com\/","name":"Home - KWU SENSHI Montreal","isPartOf":{"@id":"https:\/\/kwusenshimontreal.com\/en\/#website"},"primaryImageOfPage":{"@id":"https:\/\/kwusenshimontreal.com\/#primaryimage"},"image":{"@id":"https:\/\/kwusenshimontreal.com\/#primaryimage"},"thumbnailUrl":"https:\/\/kwusenshimontreal.com\/wp-content\/uploads\/2024\/03\/Senshi-logo-360x360-white.png","datePublished":"2024-03-20T20:57:10+00:00","dateModified":"2025-12-15T19:45:59+00:00","description":"Time to be United.","breadcrumb":{"@id":"https:\/\/kwusenshimontreal.com\/#breadcrumb"},"inLanguage":"en-US","potentialAction":[{"@type":"ReadAction","target":["https:\/\/kwusenshimontreal.com\/"]}]},{"@type":"ImageObject","inLanguage":"en-US","@id":"https:\/\/kwusenshimontreal.com\/#primaryimage","url":"https:\/\/kwusenshimontreal.com\/wp-content\/uploads\/2024\/03\/Senshi-logo-360x360-white.png","contentUrl":"https:\/\/kwusenshimontreal.com\/wp-content\/uploads\/2024\/03\/Senshi-logo-360x360-white.png"},{"@type":"BreadcrumbList","@id":"https:\/\/kwusenshimontreal.com\/#breadcrumb","itemListElement":[{"@type":"ListItem","position":1,"name":"Home","item":"https:\/\/kwusenshimontreal.com\/"},{"@type":"ListItem","position":2,"name":"Home"}]},{"@type":"WebSite","@id":"https:\/\/kwusenshimontreal.com\/en\/#website","url":"https:\/\/kwusenshimontreal.com\/en\/","name":"KWU SENSHI Montreal","description":"","publisher":{"@id":"https:\/\/kwusenshimontreal.com\/en\/#organization"},"potentialAction":[{"@type":"SearchAction","target":{"@type":"EntryPoint","urlTemplate":"https:\/\/kwusenshimontreal.com\/en\/?s={search_term_string}"},"query-input":{"@type":"PropertyValueSpecification","valueRequired":true,"valueName":"search_term_string"}}],"inLanguage":"en-US"},{"@type":"Organization","@id":"https:\/\/kwusenshimontreal.com\/en\/#organization","name":"KWU SENSHI Montreal","url":"https:\/\/kwusenshimontreal.com\/en\/","logo":{"@type":"ImageObject","inLanguage":"en-US","@id":"https:\/\/kwusenshimontreal.com\/en\/#\/schema\/logo\/image\/","url":"https:\/\/kwusenshimontreal.com\/wp-content\/uploads\/2024\/09\/Untitled-design-1000x1000-1.png","contentUrl":"https:\/\/kwusenshimontreal.com\/wp-content\/uploads\/2024\/09\/Untitled-design-1000x1000-1.png","width":1000,"height":1000,"caption":"KWU SENSHI Montreal"},"image":{"@id":"https:\/\/kwusenshimontreal.com\/en\/#\/schema\/logo\/image\/"},"sameAs":["https:\/\/www.facebook.com\/KWU.Senshi.Montreal"]}]}},"_links":{"self":[{"href":"https:\/\/kwusenshimontreal.com\/en\/wp-json\/wp\/v2\/pages\/10","targetHints":{"allow":["GET"]}}],"collection":[{"href":"https:\/\/kwusenshimontreal.com\/en\/wp-json\/wp\/v2\/pages"}],"about":[{"href":"https:\/\/kwusenshimontreal.com\/en\/wp-json\/wp\/v2\/types\/page"}],"author":[{"embeddable":true,"href":"https:\/\/kwusenshimontreal.com\/en\/wp-json\/wp\/v2\/users\/1"}],"replies":[{"embeddable":true,"href":"https:\/\/kwusenshimontreal.com\/en\/wp-json\/wp\/v2\/comments?post=10"}],"version-history":[{"count":98,"href":"https:\/\/kwusenshimontreal.com\/en\/wp-json\/wp\/v2\/pages\/10\/revisions"}],"predecessor-version":[{"id":314,"href":"https:\/\/kwusenshimontreal.com\/en\/wp-json\/wp\/v2\/pages\/10\/revisions\/314"}],"wp:attachment":[{"href":"https:\/\/kwusenshimontreal.com\/en\/wp-json\/wp\/v2\/media?parent=10"}],"curies":[{"name":"wp","href":"https:\/\/api.w.org\/{rel}","templated":true}]}}